{"id":1988,"date":"2023-10-03T18:38:39","date_gmt":"2023-10-03T18:38:39","guid":{"rendered":"http:\/\/ifijum.edu.mx\/?page_id=1988"},"modified":"2023-10-03T19:29:14","modified_gmt":"2023-10-03T19:29:14","slug":"galeria","status":"publish","type":"page","link":"https:\/\/www.ifijum.edu.mx\/wp\/?page_id=1988","title":{"rendered":"Galeria"},"content":{"rendered":"\t\t<div data-elementor-type=\"wp-page\" data-elementor-id=\"1988\" class=\"elementor elementor-1988\">\n\t\t\t\t\t\t\t\t\t<section class=\"elementor-section elementor-top-section elementor-element elementor-element-8e28661 elementor-section-boxed elementor-section-height-default elementor-section-height-default\" data-id=\"8e28661\" data-element_type=\"section\">\n\t\t\t\t\t\t<div class=\"elementor-container elementor-column-gap-default\">\n\t\t\t\t\t<div class=\"elementor-column elementor-col-100 elementor-top-column elementor-element elementor-element-4d7e90e\" data-id=\"4d7e90e\" data-element_type=\"column\">\n\t\t\t<div class=\"elementor-widget-wrap elementor-element-populated\">\n\t\t\t\t\t\t\t\t<div class=\"elementor-element elementor-element-60876d3 elementor-widget elementor-widget-heading\" data-id=\"60876d3\" data-element_type=\"widget\" data-widget_type=\"heading.default\">\n\t\t\t\t<div class=\"elementor-widget-container\">\n\t\t\t<style>\/*! elementor - v3.13.1 - 09-05-2023 *\/\n.elementor-heading-title{padding:0;margin:0;line-height:1}.elementor-widget-heading .elementor-heading-title[class*=elementor-size-]>a{color:inherit;font-size:inherit;line-height:inherit}.elementor-widget-heading .elementor-heading-title.elementor-size-small{font-size:15px}.elementor-widget-heading .elementor-heading-title.elementor-size-medium{font-size:19px}.elementor-widget-heading .elementor-heading-title.elementor-size-large{font-size:29px}.elementor-widget-heading .elementor-heading-title.elementor-size-xl{font-size:39px}.elementor-widget-heading .elementor-heading-title.elementor-size-xxl{font-size:59px}<\/style><h2 class=\"elementor-heading-title elementor-size-xl\">Galer\u00eda<\/h2>\t\t<\/div>\n\t\t\t\t<\/div>\n\t\t\t\t\t<\/div>\n\t\t<\/div>\n\t\t\t\t\t\t\t<\/div>\n\t\t<\/section>\n\t\t\t\t<section class=\"elementor-section elementor-top-section elementor-element elementor-element-9468400 elementor-section-boxed elementor-section-height-default elementor-section-height-default\" data-id=\"9468400\" data-element_type=\"section\">\n\t\t\t\t\t\t<div class=\"elementor-container elementor-column-gap-default\">\n\t\t\t\t\t<div class=\"elementor-column elementor-col-50 elementor-top-column elementor-element elementor-element-8aa704a\" data-id=\"8aa704a\" data-element_type=\"column\">\n\t\t\t<div class=\"elementor-widget-wrap elementor-element-populated\">\n\t\t\t\t\t\t\t\t<div class=\"elementor-element elementor-element-a8d44e2 elementor-widget elementor-widget-text-editor\" data-id=\"a8d44e2\" data-element_type=\"widget\" data-widget_type=\"text-editor.default\">\n\t\t\t\t<div class=\"elementor-widget-container\">\n\t\t\t<style>\/*! elementor - v3.13.1 - 09-05-2023 *\/\n.elementor-widget-text-editor.elementor-drop-cap-view-stacked .elementor-drop-cap{background-color:#69727d;color:#fff}.elementor-widget-text-editor.elementor-drop-cap-view-framed .elementor-drop-cap{color:#69727d;border:3px solid;background-color:transparent}.elementor-widget-text-editor:not(.elementor-drop-cap-view-default) .elementor-drop-cap{margin-top:8px}.elementor-widget-text-editor:not(.elementor-drop-cap-view-default) .elementor-drop-cap-letter{width:1em;height:1em}.elementor-widget-text-editor .elementor-drop-cap{float:left;text-align:center;line-height:1;font-size:50px}.elementor-widget-text-editor .elementor-drop-cap-letter{display:inline-block}<\/style>\t\t\t\t<p>\u00a1Explora nuestra Galer\u00eda de Eventos IFIJUM!<\/p><p>En esta secci\u00f3n, encontrar\u00e1s fotograf\u00edas de nuestros emocionantes eventos. Descubre momentos \u00fanicos y apasionantes capturados en im\u00e1genes.<\/p>\t\t\t\t\t\t<\/div>\n\t\t\t\t<\/div>\n\t\t\t\t\t<\/div>\n\t\t<\/div>\n\t\t\t\t<div class=\"elementor-column elementor-col-50 elementor-top-column elementor-element elementor-element-d31d34a\" data-id=\"d31d34a\" data-element_type=\"column\">\n\t\t\t<div class=\"elementor-widget-wrap elementor-element-populated\">\n\t\t\t\t\t\t\t\t<div class=\"elementor-element elementor-element-b38b3fb elementor-widget elementor-widget-image\" data-id=\"b38b3fb\" data-element_type=\"widget\" data-widget_type=\"image.default\">\n\t\t\t\t<div class=\"elementor-widget-container\">\n\t\t\t<style>\/*! elementor - v3.13.1 - 09-05-2023 *\/\n.elementor-widget-image{text-align:center}.elementor-widget-image a{display:inline-block}.elementor-widget-image a img[src$=\".svg\"]{width:48px}.elementor-widget-image img{vertical-align:middle;display:inline-block}<\/style>\t\t\t\t\t\t\t\t\t\t\t\t<img loading=\"lazy\" decoding=\"async\" width=\"1024\" height=\"683\" src=\"https:\/\/www.ifijum.edu.mx\/wp\/wp-content\/uploads\/2023\/10\/laptop-notebook-showing-photo-gallery-screen-2022-12-16-00-34-02-utc-1024x683.jpg\" class=\"attachment-large size-large wp-image-1993\" alt=\"\" srcset=\"https:\/\/www.ifijum.edu.mx\/wp\/wp-content\/uploads\/2023\/10\/laptop-notebook-showing-photo-gallery-screen-2022-12-16-00-34-02-utc-1024x683.jpg 1024w, https:\/\/www.ifijum.edu.mx\/wp\/wp-content\/uploads\/2023\/10\/laptop-notebook-showing-photo-gallery-screen-2022-12-16-00-34-02-utc-300x200.jpg 300w, https:\/\/www.ifijum.edu.mx\/wp\/wp-content\/uploads\/2023\/10\/laptop-notebook-showing-photo-gallery-screen-2022-12-16-00-34-02-utc-768x513.jpg 768w, https:\/\/www.ifijum.edu.mx\/wp\/wp-content\/uploads\/2023\/10\/laptop-notebook-showing-photo-gallery-screen-2022-12-16-00-34-02-utc-1536x1025.jpg 1536w, https:\/\/www.ifijum.edu.mx\/wp\/wp-content\/uploads\/2023\/10\/laptop-notebook-showing-photo-gallery-screen-2022-12-16-00-34-02-utc-2048x1367.jpg 2048w\" sizes=\"auto, (max-width: 1024px) 100vw, 1024px\" \/>\t\t\t\t\t\t\t\t\t\t\t\t\t\t\t<\/div>\n\t\t\t\t<\/div>\n\t\t\t\t\t<\/div>\n\t\t<\/div>\n\t\t\t\t\t\t\t<\/div>\n\t\t<\/section>\n\t\t\t\t<section class=\"elementor-section elementor-top-section elementor-element elementor-element-561ab1f elementor-section-boxed elementor-section-height-default elementor-section-height-default\" data-id=\"561ab1f\" data-element_type=\"section\">\n\t\t\t\t\t\t<div class=\"elementor-container elementor-column-gap-default\">\n\t\t\t\t\t<div class=\"elementor-column elementor-col-33 elementor-top-column elementor-element elementor-element-6882ca3\" data-id=\"6882ca3\" data-element_type=\"column\">\n\t\t\t<div class=\"elementor-widget-wrap elementor-element-populated\">\n\t\t\t\t\t\t\t\t<div class=\"elementor-element elementor-element-94cc90d elementor-widget elementor-widget-image\" data-id=\"94cc90d\" data-element_type=\"widget\" data-widget_type=\"image.default\">\n\t\t\t\t<div class=\"elementor-widget-container\">\n\t\t\t\t\t\t\t\t\t\t\t\t\t\t\t<img loading=\"lazy\" decoding=\"async\" width=\"1024\" height=\"680\" src=\"https:\/\/www.ifijum.edu.mx\/wp\/wp-content\/uploads\/2023\/10\/6-1-1024x680.png\" class=\"attachment-large size-large wp-image-2001\" alt=\"\" srcset=\"https:\/\/www.ifijum.edu.mx\/wp\/wp-content\/uploads\/2023\/10\/6-1-1024x680.png 1024w, https:\/\/www.ifijum.edu.mx\/wp\/wp-content\/uploads\/2023\/10\/6-1-300x199.png 300w, https:\/\/www.ifijum.edu.mx\/wp\/wp-content\/uploads\/2023\/10\/6-1-768x510.png 768w, https:\/\/www.ifijum.edu.mx\/wp\/wp-content\/uploads\/2023\/10\/6-1-1536x1021.png 1536w, https:\/\/www.ifijum.edu.mx\/wp\/wp-content\/uploads\/2023\/10\/6-1-2048x1361.png 2048w\" sizes=\"auto, (max-width: 1024px) 100vw, 1024px\" \/>\t\t\t\t\t\t\t\t\t\t\t\t\t\t\t<\/div>\n\t\t\t\t<\/div>\n\t\t\t\t\t<\/div>\n\t\t<\/div>\n\t\t\t\t<div class=\"elementor-column elementor-col-33 elementor-top-column elementor-element elementor-element-4274e7b\" data-id=\"4274e7b\" data-element_type=\"column\">\n\t\t\t<div class=\"elementor-widget-wrap elementor-element-populated\">\n\t\t\t\t\t\t\t\t<div class=\"elementor-element elementor-element-b632dc2 elementor-widget elementor-widget-image\" data-id=\"b632dc2\" data-element_type=\"widget\" data-widget_type=\"image.default\">\n\t\t\t\t<div class=\"elementor-widget-container\">\n\t\t\t\t\t\t\t\t\t\t\t\t\t\t\t<img loading=\"lazy\" decoding=\"async\" width=\"1024\" height=\"768\" src=\"https:\/\/www.ifijum.edu.mx\/wp\/wp-content\/uploads\/2023\/10\/3-1024x768.png\" class=\"attachment-large size-large wp-image-1999\" alt=\"\" srcset=\"https:\/\/www.ifijum.edu.mx\/wp\/wp-content\/uploads\/2023\/10\/3-1024x768.png 1024w, https:\/\/www.ifijum.edu.mx\/wp\/wp-content\/uploads\/2023\/10\/3-300x225.png 300w, https:\/\/www.ifijum.edu.mx\/wp\/wp-content\/uploads\/2023\/10\/3-768x576.png 768w, https:\/\/www.ifijum.edu.mx\/wp\/wp-content\/uploads\/2023\/10\/3-1536x1152.png 1536w, https:\/\/www.ifijum.edu.mx\/wp\/wp-content\/uploads\/2023\/10\/3.png 1600w\" sizes=\"auto, (max-width: 1024px) 100vw, 1024px\" \/>\t\t\t\t\t\t\t\t\t\t\t\t\t\t\t<\/div>\n\t\t\t\t<\/div>\n\t\t\t\t\t<\/div>\n\t\t<\/div>\n\t\t\t\t<div class=\"elementor-column elementor-col-33 elementor-top-column elementor-element elementor-element-374e4ce\" data-id=\"374e4ce\" data-element_type=\"column\">\n\t\t\t<div class=\"elementor-widget-wrap elementor-element-populated\">\n\t\t\t\t\t\t\t\t<div class=\"elementor-element elementor-element-09baa60 elementor-widget elementor-widget-image\" data-id=\"09baa60\" data-element_type=\"widget\" data-widget_type=\"image.default\">\n\t\t\t\t<div class=\"elementor-widget-container\">\n\t\t\t\t\t\t\t\t\t\t\t\t\t\t\t<img loading=\"lazy\" decoding=\"async\" width=\"1024\" height=\"680\" src=\"https:\/\/www.ifijum.edu.mx\/wp\/wp-content\/uploads\/2023\/10\/6-1024x680.png\" class=\"attachment-large size-large wp-image-1998\" alt=\"\" srcset=\"https:\/\/www.ifijum.edu.mx\/wp\/wp-content\/uploads\/2023\/10\/6-1024x680.png 1024w, https:\/\/www.ifijum.edu.mx\/wp\/wp-content\/uploads\/2023\/10\/6-300x199.png 300w, https:\/\/www.ifijum.edu.mx\/wp\/wp-content\/uploads\/2023\/10\/6-768x510.png 768w, https:\/\/www.ifijum.edu.mx\/wp\/wp-content\/uploads\/2023\/10\/6-1536x1021.png 1536w, https:\/\/www.ifijum.edu.mx\/wp\/wp-content\/uploads\/2023\/10\/6-2048x1361.png 2048w\" sizes=\"auto, (max-width: 1024px) 100vw, 1024px\" \/>\t\t\t\t\t\t\t\t\t\t\t\t\t\t\t<\/div>\n\t\t\t\t<\/div>\n\t\t\t\t\t<\/div>\n\t\t<\/div>\n\t\t\t\t\t\t\t<\/div>\n\t\t<\/section>\n\t\t\t\t\t\t\t<\/div>\n\t\t","protected":false},"excerpt":{"rendered":"<p>Galer\u00eda \u00a1Explora nuestra Galer\u00eda de Eventos IFIJUM! En esta secci\u00f3n, encontrar\u00e1s fotograf\u00edas de nuestros emocionantes eventos. Descubre momentos \u00fanicos y apasionantes capturados en im\u00e1genes.<\/p>\n","protected":false},"author":1,"featured_media":0,"parent":0,"menu_order":0,"comment_status":"closed","ping_status":"closed","template":"","meta":{"site-sidebar-layout":"no-sidebar","site-content-layout":"page-builder","ast-global-header-display":"","ast-banner-title-visibility":"","ast-main-header-display":"","ast-hfb-above-header-display":"","ast-hfb-below-header-display":"","ast-hfb-mobile-header-display":"","site-post-title":"disabled","ast-breadcrumbs-content":"","ast-featured-img":"disabled","footer-sml-layout":"","theme-transparent-header-meta":"","adv-header-id-meta":"","stick-header-meta":"","header-above-stick-meta":"","header-main-stick-meta":"","header-below-stick-meta":"","footnotes":""},"class_list":["post-1988","page","type-page","status-publish","hentry"],"_links":{"self":[{"href":"https:\/\/www.ifijum.edu.mx\/wp\/index.php?rest_route=\/wp\/v2\/pages\/1988","targetHints":{"allow":["GET"]}}],"collection":[{"href":"https:\/\/www.ifijum.edu.mx\/wp\/index.php?rest_route=\/wp\/v2\/pages"}],"about":[{"href":"https:\/\/www.ifijum.edu.mx\/wp\/index.php?rest_route=\/wp\/v2\/types\/page"}],"author":[{"embeddable":true,"href":"https:\/\/www.ifijum.edu.mx\/wp\/index.php?rest_route=\/wp\/v2\/users\/1"}],"replies":[{"embeddable":true,"href":"https:\/\/www.ifijum.edu.mx\/wp\/index.php?rest_route=%2Fwp%2Fv2%2Fcomments&post=1988"}],"version-history":[{"count":8,"href":"https:\/\/www.ifijum.edu.mx\/wp\/index.php?rest_route=\/wp\/v2\/pages\/1988\/revisions"}],"predecessor-version":[{"id":2057,"href":"https:\/\/www.ifijum.edu.mx\/wp\/index.php?rest_route=\/wp\/v2\/pages\/1988\/revisions\/2057"}],"wp:attachment":[{"href":"https:\/\/www.ifijum.edu.mx\/wp\/index.php?rest_route=%2Fwp%2Fv2%2Fmedia&parent=1988"}],"curies":[{"name":"wp","href":"https:\/\/api.w.org\/{rel}","templated":true}]}}