{"id":1321,"date":"2021-11-21T15:14:44","date_gmt":"2021-11-21T15:14:44","guid":{"rendered":"http:\/\/ifijum.edu.mx\/?page_id=1321"},"modified":"2023-11-27T20:28:14","modified_gmt":"2023-11-27T20:28:14","slug":"contact","status":"publish","type":"page","link":"https:\/\/www.ifijum.edu.mx\/wp\/?page_id=1321","title":{"rendered":"Educaci\u00f3n Continua"},"content":{"rendered":"\t\t<div data-elementor-type=\"wp-page\" data-elementor-id=\"1321\" class=\"elementor elementor-1321\">\n\t\t\t\t\t\t\t\t\t<section class=\"elementor-section elementor-top-section elementor-element elementor-element-6713cc3 elementor-section-height-min-height elementor-section-boxed elementor-section-height-default elementor-section-items-middle\" data-id=\"6713cc3\" data-element_type=\"section\" data-settings=\"{&quot;background_background&quot;:&quot;classic&quot;}\">\n\t\t\t\t\t\t\t<div class=\"elementor-background-overlay\"><\/div>\n\t\t\t\t\t\t\t<div class=\"elementor-container elementor-column-gap-default\">\n\t\t\t\t\t<div class=\"elementor-column elementor-col-100 elementor-top-column elementor-element elementor-element-ddcf7e8\" data-id=\"ddcf7e8\" data-element_type=\"column\">\n\t\t\t<div class=\"elementor-widget-wrap elementor-element-populated\">\n\t\t\t\t\t\t\t\t<div class=\"elementor-element elementor-element-9654805 elementor-widget elementor-widget-heading\" data-id=\"9654805\" data-element_type=\"widget\" data-widget_type=\"heading.default\">\n\t\t\t\t<div class=\"elementor-widget-container\">\n\t\t\t<style>\/*! elementor - v3.13.1 - 09-05-2023 *\/\n.elementor-heading-title{padding:0;margin:0;line-height:1}.elementor-widget-heading .elementor-heading-title[class*=elementor-size-]>a{color:inherit;font-size:inherit;line-height:inherit}.elementor-widget-heading .elementor-heading-title.elementor-size-small{font-size:15px}.elementor-widget-heading .elementor-heading-title.elementor-size-medium{font-size:19px}.elementor-widget-heading .elementor-heading-title.elementor-size-large{font-size:29px}.elementor-widget-heading .elementor-heading-title.elementor-size-xl{font-size:39px}.elementor-widget-heading .elementor-heading-title.elementor-size-xxl{font-size:59px}<\/style><h1 class=\"elementor-heading-title elementor-size-default\">Cursos y Talleres IFIJUM<\/h1>\t\t<\/div>\n\t\t\t\t<\/div>\n\t\t\t\t\t<\/div>\n\t\t<\/div>\n\t\t\t\t\t\t\t<\/div>\n\t\t<\/section>\n\t\t\t\t<section class=\"elementor-section elementor-top-section elementor-element elementor-element-2e6763d elementor-section-boxed elementor-section-height-default elementor-section-height-default\" data-id=\"2e6763d\" data-element_type=\"section\">\n\t\t\t\t\t\t<div class=\"elementor-container elementor-column-gap-default\">\n\t\t\t\t\t<div class=\"elementor-column elementor-col-50 elementor-top-column elementor-element elementor-element-7f6e15a\" data-id=\"7f6e15a\" data-element_type=\"column\">\n\t\t\t<div class=\"elementor-widget-wrap elementor-element-populated\">\n\t\t\t\t\t\t\t\t<div class=\"elementor-element elementor-element-da19934 elementor-widget elementor-widget-image\" data-id=\"da19934\" data-element_type=\"widget\" data-widget_type=\"image.default\">\n\t\t\t\t<div class=\"elementor-widget-container\">\n\t\t\t<style>\/*! elementor - v3.13.1 - 09-05-2023 *\/\n.elementor-widget-image{text-align:center}.elementor-widget-image a{display:inline-block}.elementor-widget-image a img[src$=\".svg\"]{width:48px}.elementor-widget-image img{vertical-align:middle;display:inline-block}<\/style>\t\t\t\t\t\t\t\t\t\t\t\t<img loading=\"lazy\" decoding=\"async\" width=\"791\" height=\"1024\" src=\"https:\/\/www.ifijum.edu.mx\/wp\/wp-content\/uploads\/2023\/10\/1-1-791x1024.png\" class=\"attachment-large size-large wp-image-2024\" alt=\"\" srcset=\"https:\/\/www.ifijum.edu.mx\/wp\/wp-content\/uploads\/2023\/10\/1-1-791x1024.png 791w, https:\/\/www.ifijum.edu.mx\/wp\/wp-content\/uploads\/2023\/10\/1-1-232x300.png 232w, https:\/\/www.ifijum.edu.mx\/wp\/wp-content\/uploads\/2023\/10\/1-1-768x994.png 768w, https:\/\/www.ifijum.edu.mx\/wp\/wp-content\/uploads\/2023\/10\/1-1-1187x1536.png 1187w, https:\/\/www.ifijum.edu.mx\/wp\/wp-content\/uploads\/2023\/10\/1-1.png 1545w\" sizes=\"auto, (max-width: 791px) 100vw, 791px\" \/>\t\t\t\t\t\t\t\t\t\t\t\t\t\t\t<\/div>\n\t\t\t\t<\/div>\n\t\t\t\t\t<\/div>\n\t\t<\/div>\n\t\t\t\t<div class=\"elementor-column elementor-col-50 elementor-top-column elementor-element elementor-element-f0b66fd\" data-id=\"f0b66fd\" data-element_type=\"column\">\n\t\t\t<div class=\"elementor-widget-wrap elementor-element-populated\">\n\t\t\t\t\t\t\t\t<div class=\"elementor-element elementor-element-2d6421c elementor-widget elementor-widget-text-editor\" data-id=\"2d6421c\" data-element_type=\"widget\" data-widget_type=\"text-editor.default\">\n\t\t\t\t<div class=\"elementor-widget-container\">\n\t\t\t<style>\/*! elementor - v3.13.1 - 09-05-2023 *\/\n.elementor-widget-text-editor.elementor-drop-cap-view-stacked .elementor-drop-cap{background-color:#69727d;color:#fff}.elementor-widget-text-editor.elementor-drop-cap-view-framed .elementor-drop-cap{color:#69727d;border:3px solid;background-color:transparent}.elementor-widget-text-editor:not(.elementor-drop-cap-view-default) .elementor-drop-cap{margin-top:8px}.elementor-widget-text-editor:not(.elementor-drop-cap-view-default) .elementor-drop-cap-letter{width:1em;height:1em}.elementor-widget-text-editor .elementor-drop-cap{float:left;text-align:center;line-height:1;font-size:50px}.elementor-widget-text-editor .elementor-drop-cap-letter{display:inline-block}<\/style>\t\t\t\t<div dir=\"auto\">\u00a1No te pierdas el evento legal m\u00e1s importante del a\u00f1o! El XVI Congreso Internacional de Derecho del IFIJUM est\u00e1 a la vuelta de la esquina, y los d\u00edas 24 y 25 de noviembre, la comunidad legal se reunir\u00e1 para intercambiar ideas revolucionarias y estar al tanto de los \u00faltimos avances en el campo Jur\u00eddico. Tu pase a la excelencia legal est\u00e1 a punto de llegar. \u00a1Mantente atento para obtener m\u00e1s detalles sobre esta experiencia que te abrir\u00e1 nuevas puertas en tu carrera profesional! <span class=\"x3nfvp2 x1j61x8r x1fcty0u xdj266r xhhsvwb xat24cr xgzva0m xxymvpz xlup9mm x1kky2od\"><img loading=\"lazy\" decoding=\"async\" class=\"xz74otr\" src=\"https:\/\/static.xx.fbcdn.net\/images\/emoji.php\/v9\/tb5\/1.5\/16\/1f5d3.png\" alt=\"\ud83d\uddd3\ufe0f\" width=\"16\" height=\"16\" \/><\/span><span class=\"x3nfvp2 x1j61x8r x1fcty0u xdj266r xhhsvwb xat24cr xgzva0m xxymvpz xlup9mm x1kky2od\"><img loading=\"lazy\" decoding=\"async\" class=\"xz74otr\" src=\"https:\/\/static.xx.fbcdn.net\/images\/emoji.php\/v9\/t3\/1.5\/16\/1f310.png\" alt=\"\ud83c\udf10\" width=\"16\" height=\"16\" \/><\/span><\/div><div dir=\"auto\"><a class=\"x1i10hfl xjbqb8w x6umtig x1b1mbwd xaqea5y xav7gou x9f619 x1ypdohk xt0psk2 xe8uvvx xdj266r x11i5rnm xat24cr x1mh8g0r xexx8yu x4uap5 x18d9i69 xkhd6sd x16tdsg8 x1hl2dhg xggy1nq x1a2a7pz xt0b8zv x1qq9wsj xo1l8bm\" tabindex=\"0\" role=\"link\" href=\"https:\/\/www.facebook.com\/hashtag\/congresointernacionalifijum?__eep__=6&amp;__cft__[0]=AZVslonEpSDC5CluP6arkEzq_BwOF8pjYmHX61X3g5N2SFrrjiuob7hYgIAmsEyfiRZvExzGNeWKjelrycL2SNMsnQAi-VLGf0BfKfMnPtjHuOD9U4Wot5omFqjV2Y-EtUnsKXwfUK7MKiQdprFEI-KX_nTUh_yp6027C4Kuu4AKY_By5e_XWV1cEr-cDHrpMmo&amp;__tn__=*NK-R\">#CongresoInternacionalIfijum<\/a> <a class=\"x1i10hfl xjbqb8w x6umtig x1b1mbwd xaqea5y xav7gou x9f619 x1ypdohk xt0psk2 xe8uvvx xdj266r x11i5rnm xat24cr x1mh8g0r xexx8yu x4uap5 x18d9i69 xkhd6sd x16tdsg8 x1hl2dhg xggy1nq x1a2a7pz xt0b8zv x1qq9wsj xo1l8bm\" tabindex=\"0\" role=\"link\" href=\"https:\/\/www.facebook.com\/hashtag\/innovaci%C3%B3nlegal?__eep__=6&amp;__cft__[0]=AZVslonEpSDC5CluP6arkEzq_BwOF8pjYmHX61X3g5N2SFrrjiuob7hYgIAmsEyfiRZvExzGNeWKjelrycL2SNMsnQAi-VLGf0BfKfMnPtjHuOD9U4Wot5omFqjV2Y-EtUnsKXwfUK7MKiQdprFEI-KX_nTUh_yp6027C4Kuu4AKY_By5e_XWV1cEr-cDHrpMmo&amp;__tn__=*NK-R\">#Innovaci\u00f3nLegal<\/a> <a class=\"x1i10hfl xjbqb8w x6umtig x1b1mbwd xaqea5y xav7gou x9f619 x1ypdohk xt0psk2 xe8uvvx xdj266r x11i5rnm xat24cr x1mh8g0r xexx8yu x4uap5 x18d9i69 xkhd6sd x16tdsg8 x1hl2dhg xggy1nq x1a2a7pz xt0b8zv x1qq9wsj xo1l8bm\" tabindex=\"0\" role=\"link\" href=\"https:\/\/www.facebook.com\/hashtag\/actualizaci%C3%B3nprofesional?__eep__=6&amp;__cft__[0]=AZVslonEpSDC5CluP6arkEzq_BwOF8pjYmHX61X3g5N2SFrrjiuob7hYgIAmsEyfiRZvExzGNeWKjelrycL2SNMsnQAi-VLGf0BfKfMnPtjHuOD9U4Wot5omFqjV2Y-EtUnsKXwfUK7MKiQdprFEI-KX_nTUh_yp6027C4Kuu4AKY_By5e_XWV1cEr-cDHrpMmo&amp;__tn__=*NK-R\">#Actualizaci\u00f3nProfesional<\/a><\/div>\t\t\t\t\t\t<\/div>\n\t\t\t\t<\/div>\n\t\t\t\t\t<\/div>\n\t\t<\/div>\n\t\t\t\t\t\t\t<\/div>\n\t\t<\/section>\n\t\t\t\t<section class=\"elementor-section elementor-top-section elementor-element elementor-element-ed908d7 elementor-section-boxed elementor-section-height-default elementor-section-height-default\" data-id=\"ed908d7\" data-element_type=\"section\">\n\t\t\t\t\t\t<div class=\"elementor-container elementor-column-gap-default\">\n\t\t\t\t\t<div class=\"elementor-column elementor-col-50 elementor-top-column elementor-element elementor-element-c20b4ea\" data-id=\"c20b4ea\" data-element_type=\"column\">\n\t\t\t<div class=\"elementor-widget-wrap elementor-element-populated\">\n\t\t\t\t\t\t\t\t<div class=\"elementor-element elementor-element-c585db6 elementor-widget elementor-widget-image\" data-id=\"c585db6\" data-element_type=\"widget\" data-widget_type=\"image.default\">\n\t\t\t\t<div class=\"elementor-widget-container\">\n\t\t\t\t\t\t\t\t\t\t\t\t\t\t\t<img loading=\"lazy\" decoding=\"async\" width=\"1024\" height=\"1024\" src=\"https:\/\/www.ifijum.edu.mx\/wp\/wp-content\/uploads\/2023\/10\/373324828_779348217533386_766633451268691312_n-1024x1024.jpg\" class=\"attachment-large size-large wp-image-2093\" alt=\"\" srcset=\"https:\/\/www.ifijum.edu.mx\/wp\/wp-content\/uploads\/2023\/10\/373324828_779348217533386_766633451268691312_n-1024x1024.jpg 1024w, https:\/\/www.ifijum.edu.mx\/wp\/wp-content\/uploads\/2023\/10\/373324828_779348217533386_766633451268691312_n-300x300.jpg 300w, https:\/\/www.ifijum.edu.mx\/wp\/wp-content\/uploads\/2023\/10\/373324828_779348217533386_766633451268691312_n-150x150.jpg 150w, https:\/\/www.ifijum.edu.mx\/wp\/wp-content\/uploads\/2023\/10\/373324828_779348217533386_766633451268691312_n-768x768.jpg 768w, https:\/\/www.ifijum.edu.mx\/wp\/wp-content\/uploads\/2023\/10\/373324828_779348217533386_766633451268691312_n.jpg 1080w\" sizes=\"auto, (max-width: 1024px) 100vw, 1024px\" \/>\t\t\t\t\t\t\t\t\t\t\t\t\t\t\t<\/div>\n\t\t\t\t<\/div>\n\t\t\t\t\t<\/div>\n\t\t<\/div>\n\t\t\t\t<div class=\"elementor-column elementor-col-50 elementor-top-column elementor-element elementor-element-800e6df\" data-id=\"800e6df\" data-element_type=\"column\">\n\t\t\t<div class=\"elementor-widget-wrap elementor-element-populated\">\n\t\t\t\t\t\t\t\t<div class=\"elementor-element elementor-element-0467b7e elementor-widget elementor-widget-text-editor\" data-id=\"0467b7e\" data-element_type=\"widget\" data-widget_type=\"text-editor.default\">\n\t\t\t\t<div class=\"elementor-widget-container\">\n\t\t\t\t\t\t\t<p><span class=\"x3nfvp2 x1j61x8r x1fcty0u xdj266r xhhsvwb xat24cr xgzva0m xxymvpz xlup9mm x1kky2od\"><img loading=\"lazy\" decoding=\"async\" class=\"xz74otr\" src=\"https:\/\/static.xx.fbcdn.net\/images\/emoji.php\/v9\/t69\/1.5\/16\/270d.png\" alt=\"\u270d\ufe0f\" width=\"16\" height=\"16\" \/><\/span>\u00a0\u00a1Potencia tu Escritura para tu Tesis! Curso Taller de Redacci\u00f3n en IFIJUM\u00a0<span class=\"x3nfvp2 x1j61x8r x1fcty0u xdj266r xhhsvwb xat24cr xgzva0m xxymvpz xlup9mm x1kky2od\"><img loading=\"lazy\" decoding=\"async\" class=\"xz74otr\" src=\"https:\/\/static.xx.fbcdn.net\/images\/emoji.php\/v9\/t69\/1.5\/16\/270d.png\" alt=\"\u270d\ufe0f\" width=\"16\" height=\"16\" \/><\/span><br \/>Tu tesis merece destacar con una redacci\u00f3n clara y persuasiva. En nuestro Curso Taller de Redacci\u00f3n, te proporcionamos las habilidades esenciales para comunicar tus ideas de manera efectiva y presentar una tesis excepcional.<br \/>Ponentes:<br \/>Mtra. Susana Ram\u00edrez Pe\u00f1aloza y Mtro. Bert\u00edn Alonso Mojica.<\/p>\t\t\t\t\t\t<\/div>\n\t\t\t\t<\/div>\n\t\t\t\t\t<\/div>\n\t\t<\/div>\n\t\t\t\t\t\t\t<\/div>\n\t\t<\/section>\n\t\t\t\t<section class=\"elementor-section elementor-top-section elementor-element elementor-element-e2cab81 elementor-section-boxed elementor-section-height-default elementor-section-height-default\" data-id=\"e2cab81\" data-element_type=\"section\">\n\t\t\t\t\t\t<div class=\"elementor-container elementor-column-gap-default\">\n\t\t\t\t\t<div class=\"elementor-column elementor-col-50 elementor-top-column elementor-element elementor-element-5c90474\" data-id=\"5c90474\" data-element_type=\"column\">\n\t\t\t<div class=\"elementor-widget-wrap elementor-element-populated\">\n\t\t\t\t\t\t\t\t<div class=\"elementor-element elementor-element-7a63269 elementor-widget elementor-widget-image\" data-id=\"7a63269\" data-element_type=\"widget\" data-widget_type=\"image.default\">\n\t\t\t\t<div class=\"elementor-widget-container\">\n\t\t\t\t\t\t\t\t\t\t\t\t\t\t\t<img loading=\"lazy\" decoding=\"async\" width=\"1024\" height=\"1024\" src=\"https:\/\/www.ifijum.edu.mx\/wp\/wp-content\/uploads\/2023\/06\/Encargo-Ederfr-1-1024x1024.png\" class=\"attachment-large size-large wp-image-1529\" alt=\"\" srcset=\"https:\/\/www.ifijum.edu.mx\/wp\/wp-content\/uploads\/2023\/06\/Encargo-Ederfr-1-1024x1024.png 1024w, https:\/\/www.ifijum.edu.mx\/wp\/wp-content\/uploads\/2023\/06\/Encargo-Ederfr-1-300x300.png 300w, https:\/\/www.ifijum.edu.mx\/wp\/wp-content\/uploads\/2023\/06\/Encargo-Ederfr-1-150x150.png 150w, https:\/\/www.ifijum.edu.mx\/wp\/wp-content\/uploads\/2023\/06\/Encargo-Ederfr-1-768x768.png 768w, https:\/\/www.ifijum.edu.mx\/wp\/wp-content\/uploads\/2023\/06\/Encargo-Ederfr-1.png 1080w\" sizes=\"auto, (max-width: 1024px) 100vw, 1024px\" \/>\t\t\t\t\t\t\t\t\t\t\t\t\t\t\t<\/div>\n\t\t\t\t<\/div>\n\t\t\t\t\t<\/div>\n\t\t<\/div>\n\t\t\t\t<div class=\"elementor-column elementor-col-50 elementor-top-column elementor-element elementor-element-00e12e0\" data-id=\"00e12e0\" data-element_type=\"column\">\n\t\t\t<div class=\"elementor-widget-wrap elementor-element-populated\">\n\t\t\t\t\t\t\t\t<div class=\"elementor-element elementor-element-59c6f5a elementor-widget elementor-widget-text-editor\" data-id=\"59c6f5a\" data-element_type=\"widget\" data-widget_type=\"text-editor.default\">\n\t\t\t\t<div class=\"elementor-widget-container\">\n\t\t\t\t\t\t\t<p>\u00a1Invitaci\u00f3n especial a nuestro Curso-Taller con el Maestro Pedro Ram\u00edrez Mart\u00ednez, Ex Magistrado del Supremo Tribunal de Justicia!\u00a0<\/p><p>No te puedes perder esta oportunidad de aprender de la experiencia y conocimientos de un destacado experto en el \u00e1mbito jur\u00eddico. Acomp\u00e1\u00f1anos comienza el 30 de junio de 2023.<\/p><p>\u00a1SOLICITA INFORMACI\u00d3N!<\/p><p>REALIZA TU REGISTRO https:\/\/forms.gle\/aHGtTCRwi37dDTZt7<\/p>\t\t\t\t\t\t<\/div>\n\t\t\t\t<\/div>\n\t\t\t\t\t<\/div>\n\t\t<\/div>\n\t\t\t\t\t\t\t<\/div>\n\t\t<\/section>\n\t\t\t\t<section class=\"elementor-section elementor-top-section elementor-element elementor-element-604ea3f elementor-section-boxed elementor-section-height-default elementor-section-height-default\" data-id=\"604ea3f\" data-element_type=\"section\">\n\t\t\t\t\t\t<div class=\"elementor-container elementor-column-gap-default\">\n\t\t\t\t\t<div class=\"elementor-column elementor-col-50 elementor-top-column elementor-element elementor-element-aa70ec8\" data-id=\"aa70ec8\" data-element_type=\"column\">\n\t\t\t<div class=\"elementor-widget-wrap elementor-element-populated\">\n\t\t\t\t\t\t\t\t<div class=\"elementor-element elementor-element-167d7a0 elementor-widget elementor-widget-image\" data-id=\"167d7a0\" data-element_type=\"widget\" data-widget_type=\"image.default\">\n\t\t\t\t<div class=\"elementor-widget-container\">\n\t\t\t\t\t\t\t\t\t\t\t\t\t\t\t<img loading=\"lazy\" decoding=\"async\" width=\"1024\" height=\"1024\" src=\"https:\/\/www.ifijum.edu.mx\/wp\/wp-content\/uploads\/2023\/10\/367423220_770125311789010_3752623517616325205_n-1024x1024.jpg\" class=\"attachment-large size-large wp-image-2097\" alt=\"\" srcset=\"https:\/\/www.ifijum.edu.mx\/wp\/wp-content\/uploads\/2023\/10\/367423220_770125311789010_3752623517616325205_n-1024x1024.jpg 1024w, https:\/\/www.ifijum.edu.mx\/wp\/wp-content\/uploads\/2023\/10\/367423220_770125311789010_3752623517616325205_n-300x300.jpg 300w, https:\/\/www.ifijum.edu.mx\/wp\/wp-content\/uploads\/2023\/10\/367423220_770125311789010_3752623517616325205_n-150x150.jpg 150w, https:\/\/www.ifijum.edu.mx\/wp\/wp-content\/uploads\/2023\/10\/367423220_770125311789010_3752623517616325205_n-768x768.jpg 768w, https:\/\/www.ifijum.edu.mx\/wp\/wp-content\/uploads\/2023\/10\/367423220_770125311789010_3752623517616325205_n.jpg 1080w\" sizes=\"auto, (max-width: 1024px) 100vw, 1024px\" \/>\t\t\t\t\t\t\t\t\t\t\t\t\t\t\t<\/div>\n\t\t\t\t<\/div>\n\t\t\t\t\t<\/div>\n\t\t<\/div>\n\t\t\t\t<div class=\"elementor-column elementor-col-50 elementor-top-column elementor-element elementor-element-2a8e64c\" data-id=\"2a8e64c\" data-element_type=\"column\">\n\t\t\t<div class=\"elementor-widget-wrap elementor-element-populated\">\n\t\t\t\t\t\t\t\t<div class=\"elementor-element elementor-element-24f0a9b elementor-widget elementor-widget-text-editor\" data-id=\"24f0a9b\" data-element_type=\"widget\" data-widget_type=\"text-editor.default\">\n\t\t\t\t<div class=\"elementor-widget-container\">\n\t\t\t\t\t\t\t<p>\u00a1NO TE LO PIERDAS!<br \/><br \/>IFIJUM<span class=\"x3nfvp2 x1j61x8r x1fcty0u xdj266r xhhsvwb xat24cr xgzva0m xxymvpz xlup9mm x1kky2od\"><img loading=\"lazy\" decoding=\"async\" class=\"xz74otr\" src=\"https:\/\/static.xx.fbcdn.net\/images\/emoji.php\/v9\/t6b\/1.5\/16\/1f989.png\" alt=\"\ud83e\udd89\" width=\"16\" height=\"16\" \/><\/span><br \/><span class=\"x3nfvp2 x1j61x8r x1fcty0u xdj266r xhhsvwb xat24cr xgzva0m xxymvpz xlup9mm x1kky2od\"><img loading=\"lazy\" decoding=\"async\" class=\"xz74otr\" src=\"https:\/\/static.xx.fbcdn.net\/images\/emoji.php\/v9\/td7\/1.5\/16\/1f3a4.png\" alt=\"\ud83c\udfa4\" width=\"16\" height=\"16\" \/><\/span>\u00a0Potencia tu Voz: Curso Taller de Herramientas B\u00e1sicas de Oratoria<br \/>\u00bfSientes que tus habilidades de comunicaci\u00f3n necesitan un impulso? Te invitamos a un viaje de autodescubrimiento y desarrollo personal a trav\u00e9s de nuestro Curso Taller de Herramientas B\u00e1sicas de Oratoria, dirigido por los expertos en el campo: Mtro. David Huerta Osornio y Mtra. Nidia Selene Avalos Quintero.<br \/>Lo que te espera:<br \/><span class=\"x3nfvp2 x1j61x8r x1fcty0u xdj266r xhhsvwb xat24cr xgzva0m xxymvpz xlup9mm x1kky2od\"><img loading=\"lazy\" decoding=\"async\" class=\"xz74otr\" src=\"https:\/\/static.xx.fbcdn.net\/images\/emoji.php\/v9\/t54\/1.5\/16\/1f5e3.png\" alt=\"\ud83d\udde3\ufe0f\" width=\"16\" height=\"16\" \/><\/span>\u00a0Aprende a hablar con claridad y confianza en p\u00fablico.<br \/><span class=\"x3nfvp2 x1j61x8r x1fcty0u xdj266r xhhsvwb xat24cr xgzva0m xxymvpz xlup9mm x1kky2od\"><img loading=\"lazy\" decoding=\"async\" class=\"xz74otr\" src=\"https:\/\/static.xx.fbcdn.net\/images\/emoji.php\/v9\/t84\/1.5\/16\/1f399.png\" alt=\"\ud83c\udf99\ufe0f\" width=\"16\" height=\"16\" \/><\/span>\u00a0Domina las t\u00e9cnicas para estructu rar discursos persuasivos.<br \/><span class=\"x3nfvp2 x1j61x8r x1fcty0u xdj266r xhhsvwb xat24cr xgzva0m xxymvpz xlup9mm x1kky2od\"><img loading=\"lazy\" decoding=\"async\" class=\"xz74otr\" src=\"https:\/\/static.xx.fbcdn.net\/images\/emoji.php\/v9\/t9\/1.5\/16\/1f3af.png\" alt=\"\ud83c\udfaf\" width=\"16\" height=\"16\" \/><\/span>\u00a0Mejora tus habilidades de expresi\u00f3n y comunicaci\u00f3n verbal y no verbal.<\/p>\t\t\t\t\t\t<\/div>\n\t\t\t\t<\/div>\n\t\t\t\t\t<\/div>\n\t\t<\/div>\n\t\t\t\t\t\t\t<\/div>\n\t\t<\/section>\n\t\t\t\t\t\t\t<\/div>\n\t\t","protected":false},"excerpt":{"rendered":"<p>Cursos y Talleres IFIJUM \u00a1No te pierdas el evento legal m\u00e1s importante del a\u00f1o! El XVI Congreso Internacional de Derecho del IFIJUM est\u00e1 a la vuelta de la esquina, y los d\u00edas 24 y 25 de noviembre, la comunidad legal se reunir\u00e1 para intercambiar ideas revolucionarias y estar al tanto de los \u00faltimos avances en &hellip;<\/p>\n<p class=\"read-more\"> <a class=\"\" href=\"https:\/\/www.ifijum.edu.mx\/wp\/?page_id=1321\"> <span class=\"screen-reader-text\">Educaci\u00f3n Continua<\/span> Leer m\u00e1s &raquo;<\/a><\/p>\n","protected":false},"author":1,"featured_media":0,"parent":0,"menu_order":0,"comment_status":"closed","ping_status":"closed","template":"","meta":{"site-sidebar-layout":"no-sidebar","site-content-layout":"page-builder","ast-global-header-display":"","ast-banner-title-visibility":"","ast-main-header-display":"","ast-hfb-above-header-display":"","ast-hfb-below-header-display":"","ast-hfb-mobile-header-display":"","site-post-title":"disabled","ast-breadcrumbs-content":"","ast-featured-img":"disabled","footer-sml-layout":"","theme-transparent-header-meta":"disabled","adv-header-id-meta":"","stick-header-meta":"","header-above-stick-meta":"","header-main-stick-meta":"","header-below-stick-meta":"","footnotes":""},"class_list":["post-1321","page","type-page","status-publish","hentry"],"_links":{"self":[{"href":"https:\/\/www.ifijum.edu.mx\/wp\/index.php?rest_route=\/wp\/v2\/pages\/1321","targetHints":{"allow":["GET"]}}],"collection":[{"href":"https:\/\/www.ifijum.edu.mx\/wp\/index.php?rest_route=\/wp\/v2\/pages"}],"about":[{"href":"https:\/\/www.ifijum.edu.mx\/wp\/index.php?rest_route=\/wp\/v2\/types\/page"}],"author":[{"embeddable":true,"href":"https:\/\/www.ifijum.edu.mx\/wp\/index.php?rest_route=\/wp\/v2\/users\/1"}],"replies":[{"embeddable":true,"href":"https:\/\/www.ifijum.edu.mx\/wp\/index.php?rest_route=%2Fwp%2Fv2%2Fcomments&post=1321"}],"version-history":[{"count":17,"href":"https:\/\/www.ifijum.edu.mx\/wp\/index.php?rest_route=\/wp\/v2\/pages\/1321\/revisions"}],"predecessor-version":[{"id":2143,"href":"https:\/\/www.ifijum.edu.mx\/wp\/index.php?rest_route=\/wp\/v2\/pages\/1321\/revisions\/2143"}],"wp:attachment":[{"href":"https:\/\/www.ifijum.edu.mx\/wp\/index.php?rest_route=%2Fwp%2Fv2%2Fmedia&parent=1321"}],"curies":[{"name":"wp","href":"https:\/\/api.w.org\/{rel}","templated":true}]}}